{"id":106,"date":"2024-07-12T14:38:09","date_gmt":"2024-07-12T12:38:09","guid":{"rendered":"https:\/\/cindynicolas.com\/?page_id=106"},"modified":"2024-12-18T11:32:04","modified_gmt":"2024-12-18T10:32:04","slug":"accueillir-lextraordinaire","status":"publish","type":"page","link":"https:\/\/cindynicolas.com\/accueillir-lextraordinaire\/","title":{"rendered":"Accueillir l\u2019extraordinaire"},"content":{"rendered":"\t\t<div data-elementor-type=\"wp-page\" data-elementor-id=\"106\" class=\"elementor elementor-106\">\n\t\t\t\t<div class=\"elementor-element elementor-element-ac91f7a e-flex e-con-boxed e-con e-parent\" data-id=\"ac91f7a\" data-element_type=\"container\" data-e-type=\"container\" data-settings=\"{&quot;background_background&quot;:&quot;classic&quot;}\">\n\t\t\t\t\t<div class=\"e-con-inner\">\n\t\t\t\t<div class=\"elementor-element elementor-element-eeeb1df elementor-widget elementor-widget-spacer\" data-id=\"eeeb1df\" data-element_type=\"widget\" data-e-type=\"widget\" data-widget_type=\"spacer.default\">\n\t\t\t\t<div class=\"elementor-widget-container\">\n\t\t\t\t\t\t\t<div class=\"elementor-spacer\">\n\t\t\t<div class=\"elementor-spacer-inner\"><\/div>\n\t\t<\/div>\n\t\t\t\t\t\t<\/div>\n\t\t\t\t<\/div>\n\t\t\t\t<div class=\"elementor-element elementor-element-201beae elementor-widget elementor-widget-heading\" data-id=\"201beae\" data-element_type=\"widget\" data-e-type=\"widget\" data-widget_type=\"heading.default\">\n\t\t\t\t<div class=\"elementor-widget-container\">\n\t\t\t\t\t<h2 class=\"elementor-heading-title elementor-size-default\">Accueillir l\u2019extraordinaire<\/h2>\t\t\t\t<\/div>\n\t\t\t\t<\/div>\n\t\t\t\t\t<\/div>\n\t\t\t\t<\/div>\n\t\t<div class=\"elementor-element elementor-element-0370885 e-flex e-con-boxed e-con e-parent\" data-id=\"0370885\" data-element_type=\"container\" data-e-type=\"container\" data-settings=\"{&quot;background_background&quot;:&quot;classic&quot;}\">\n\t\t\t\t\t<div class=\"e-con-inner\">\n\t\t\t\t<div class=\"elementor-element elementor-element-9a550aa elementor-widget elementor-widget-spacer\" data-id=\"9a550aa\" data-element_type=\"widget\" data-e-type=\"widget\" data-widget_type=\"spacer.default\">\n\t\t\t\t<div class=\"elementor-widget-container\">\n\t\t\t\t\t\t\t<div class=\"elementor-spacer\">\n\t\t\t<div class=\"elementor-spacer-inner\"><\/div>\n\t\t<\/div>\n\t\t\t\t\t\t<\/div>\n\t\t\t\t<\/div>\n\t\t\t\t<div class=\"elementor-element elementor-element-863cc2e elementor-widget elementor-widget-heading\" data-id=\"863cc2e\" data-element_type=\"widget\" data-e-type=\"widget\" data-widget_type=\"heading.default\">\n\t\t\t\t<div class=\"elementor-widget-container\">\n\t\t\t\t\t<h2 class=\"elementor-heading-title elementor-size-default\">Accueillir l\u2019extraordinaire<\/h2>\t\t\t\t<\/div>\n\t\t\t\t<\/div>\n\t\t\t\t<div class=\"elementor-element elementor-element-e10c3c1 elementor-widget elementor-widget-spacer\" data-id=\"e10c3c1\" data-element_type=\"widget\" data-e-type=\"widget\" data-widget_type=\"spacer.default\">\n\t\t\t\t<div class=\"elementor-widget-container\">\n\t\t\t\t\t\t\t<div class=\"elementor-spacer\">\n\t\t\t<div class=\"elementor-spacer-inner\"><\/div>\n\t\t<\/div>\n\t\t\t\t\t\t<\/div>\n\t\t\t\t<\/div>\n\t\t\t\t\t<\/div>\n\t\t\t\t<\/div>\n\t\t<div class=\"elementor-element elementor-element-37f833d e-flex e-con-boxed e-con e-parent\" data-id=\"37f833d\" data-element_type=\"container\" data-e-type=\"container\" data-settings=\"{&quot;background_background&quot;:&quot;classic&quot;}\">\n\t\t\t\t\t<div class=\"e-con-inner\">\n\t\t<div class=\"elementor-element elementor-element-50436ea e-con-full e-flex e-con e-child\" data-id=\"50436ea\" data-element_type=\"container\" data-e-type=\"container\">\n\t\t\t\t<div class=\"elementor-element elementor-element-5621408 elementor-widget elementor-widget-image\" data-id=\"5621408\" data-element_type=\"widget\" data-e-type=\"widget\" data-widget_type=\"image.default\">\n\t\t\t\t<div class=\"elementor-widget-container\">\n\t\t\t\t\t\t\t\t\t\t\t\t\t\t\t<img fetchpriority=\"high\" decoding=\"async\" width=\"800\" height=\"675\" src=\"https:\/\/cindynicolas.com\/wp-content\/uploads\/2024\/09\/shutterstock-716837404.jpg\" class=\"attachment-large size-large wp-image-1069\" alt=\"\" srcset=\"https:\/\/cindynicolas.com\/wp-content\/uploads\/2024\/09\/shutterstock-716837404.jpg 1000w, https:\/\/cindynicolas.com\/wp-content\/uploads\/2024\/09\/shutterstock-716837404-600x506.jpg 600w, https:\/\/cindynicolas.com\/wp-content\/uploads\/2024\/09\/shutterstock-716837404-300x253.jpg 300w, https:\/\/cindynicolas.com\/wp-content\/uploads\/2024\/09\/shutterstock-716837404-768x648.jpg 768w\" sizes=\"(max-width: 800px) 100vw, 800px\" \/>\t\t\t\t\t\t\t\t\t\t\t\t\t\t\t<\/div>\n\t\t\t\t<\/div>\n\t\t\t\t<\/div>\n\t\t<div class=\"elementor-element elementor-element-16f4b2e e-con-full e-flex e-con e-child\" data-id=\"16f4b2e\" data-element_type=\"container\" data-e-type=\"container\">\n\t\t\t\t<div class=\"elementor-element elementor-element-d5089ff elementor-widget elementor-widget-text-editor\" data-id=\"d5089ff\" data-element_type=\"widget\" data-e-type=\"widget\" data-widget_type=\"text-editor.default\">\n\t\t\t\t<div class=\"elementor-widget-container\">\n\t\t\t\t\t\t\t\t\t<h2><strong>#jaccueillelextraordinaire <\/strong><\/h2><p>Des millions de personnes, parfaitement \u00e9quilibr\u00e9es, ont d\u00e9j\u00e0 \u00e9t\u00e9 t\u00e9moins de ph\u00e9nom\u00e8nes extraordinaires. Que faire lorsqu\u2019on se retrouve face \u00e0 l\u2019inexpliqu\u00e9 ? Ceux qui vivent de telles exp\u00e9riences peuvent rapidement se sentir isol\u00e9s, ne sachant vers qui se tourner et accabl\u00e9s par un profond sentiment de confusion.<\/p><p>Bien que la parole commence progressivement \u00e0 se lib\u00e9rer, beaucoup, par pudeur ou peur d\u2019\u00eatre jug\u00e9s comme fous, h\u00e9sitent encore \u00e0 partager leur v\u00e9cu.<\/p>\t\t\t\t\t\t\t\t<\/div>\n\t\t\t\t<\/div>\n\t\t\t\t<\/div>\n\t\t\t\t\t<\/div>\n\t\t\t\t<\/div>\n\t\t<div class=\"elementor-element elementor-element-52ddaa2 e-flex e-con-boxed e-con e-parent\" data-id=\"52ddaa2\" data-element_type=\"container\" data-e-type=\"container\" data-settings=\"{&quot;background_background&quot;:&quot;classic&quot;}\">\n\t\t\t\t\t<div class=\"e-con-inner\">\n\t\t\t\t<div class=\"elementor-element elementor-element-69c7dc4 elementor-widget elementor-widget-spacer\" data-id=\"69c7dc4\" data-element_type=\"widget\" data-e-type=\"widget\" data-widget_type=\"spacer.default\">\n\t\t\t\t<div class=\"elementor-widget-container\">\n\t\t\t\t\t\t\t<div class=\"elementor-spacer\">\n\t\t\t<div class=\"elementor-spacer-inner\"><\/div>\n\t\t<\/div>\n\t\t\t\t\t\t<\/div>\n\t\t\t\t<\/div>\n\t\t\t\t<div class=\"elementor-element elementor-element-bae4dc0 elementor-widget elementor-widget-text-editor\" data-id=\"bae4dc0\" data-element_type=\"widget\" data-e-type=\"widget\" data-widget_type=\"text-editor.default\">\n\t\t\t\t<div class=\"elementor-widget-container\">\n\t\t\t\t\t\t\t\t\t<p><strong>Mon accompagnement : <\/strong><\/p><p>Depuis plusieurs ann\u00e9es, je suis moi-m\u00eame t\u00e9moin de divers ph\u00e9nom\u00e8nes qui d\u00e9fient l\u2019explication rationnelle : r\u00eaves pr\u00e9monitoires, t\u00e9l\u00e9pathie, contacts avec des d\u00e9funts, coup de fil de l\u2019au-del\u00e0, sorties hors du corps, exp\u00e9rience de Trans Communication Instrumentale, synchronicit\u00e9s troublantes&#8230; Ces exp\u00e9riences m\u2019ont conduite \u00e0 un bouleversement int\u00e9rieur profond. L\u2019une d\u2019elles, en particulier, s\u2019est produite en 2017 lors d\u2019un atelier de Trans Communication Hypnotique dirig\u00e9 par le Dr Jean-Jacques Charbonier, et a radicalement transform\u00e9 ma perception du monde. Dans l\u2019incapacit\u00e9 de partager ce v\u00e9cu, je me suis isol\u00e9e un temps, jusqu\u2019\u00e0 trouver des personnes pr\u00eates \u00e0 \u00e9changer et \u00e0 m\u2019accompagner dans la compr\u00e9hension de cette exp\u00e9rience spirituelle. Cette travers\u00e9e m\u2019a permis d\u2019int\u00e9grer un nouveau \u00ab moi \u00bb et d\u2019accepter pleinement ces ph\u00e9nom\u00e8nes. Aujourd\u2019hui, je suis en mesure de vous accompagner sur ce chemin.<\/p><p>Je vous propose un espace d\u2019\u00e9coute et de bienveillance, au petit cabanon ou en Visio, o\u00f9 vous pouvez librement partager vos exp\u00e9riences. Mon objectif est de vous aider \u00e0 accueillir ce que vous vivez avec s\u00e9r\u00e9nit\u00e9 et \u00e0 int\u00e9grer ces exp\u00e9riences de mani\u00e8re positive, dans un esprit d\u2019ouverture et de curiosit\u00e9.<\/p><p>Si vous \u00eates vous-m\u00eame t\u00e9moin de ph\u00e9nom\u00e8nes extraordinaires, je tiens \u00e0 vous rassurer : vous n\u2019\u00eates pas seul(e), et ce que vous vivez n\u2019est pas le fruit d\u2019hallucinations. Des milliers de personnes, \u00e0 travers le monde et dans tous les \u00e2ges, t\u00e9moignent r\u00e9guli\u00e8rement de rencontres avec l\u2019invisible ou de ph\u00e9nom\u00e8nes inexpliqu\u00e9s. Bien qu\u2019il n\u2019y ait pas encore de preuves scientifiques tangibles, ces exp\u00e9riences font partie int\u00e9grante de la r\u00e9alit\u00e9 v\u00e9cue par beaucoup.<\/p><p>En compl\u00e9ment de cet accompagnement, je vous aide \u00e0 entrer en \u00e9tat de conscience \u00e9largie, afin que vous puissiez vous-m\u00eame vous connecter \u00e0 des dimensions sup\u00e9rieures, \u00e0 d\u2019autres r\u00e9alit\u00e9s ou encore au monde spirituel. Mais comment faire pour acc\u00e9der \u00e0 cet \u00e9tat de conscience modifi\u00e9e ? Gr\u00e2ce \u00e0 mon exp\u00e9rience et \u00e0 ma pratique quotidienne de diverses techniques (relaxation, m\u00e9ditation, sophrologie, autohypnose&#8230;), je suis \u00e0 m\u00eame de vous guider \u00e0 travers des outils adapt\u00e9s \u00e0 vos besoins et \u00e0 votre parcours. Chaque personne est unique, et je vous propose des m\u00e9thodes sur mesure pour vous accompagner avec bienveillance.<\/p><p>Si vous souhaitez en discuter ou poser des questions sur votre propre exp\u00e9rience, n\u2019h\u00e9sitez pas \u00e0 me contacter. Ensemble, nous pourrons explorer et comprendre ces ph\u00e9nom\u00e8nes, et trouver des moyens d\u2019int\u00e9grer sereinement ces nouvelles perceptions dans votre vie.<\/p>\t\t\t\t\t\t\t\t<\/div>\n\t\t\t\t<\/div>\n\t\t\t\t<div class=\"elementor-element elementor-element-a467d68 elementor-widget elementor-widget-spacer\" data-id=\"a467d68\" data-element_type=\"widget\" data-e-type=\"widget\" data-widget_type=\"spacer.default\">\n\t\t\t\t<div class=\"elementor-widget-container\">\n\t\t\t\t\t\t\t<div class=\"elementor-spacer\">\n\t\t\t<div class=\"elementor-spacer-inner\"><\/div>\n\t\t<\/div>\n\t\t\t\t\t\t<\/div>\n\t\t\t\t<\/div>\n\t\t\t\t\t<\/div>\n\t\t\t\t<\/div>\n\t\t<div class=\"elementor-element elementor-element-7aa62ef e-con-full e-flex e-con e-parent\" data-id=\"7aa62ef\" data-element_type=\"container\" data-e-type=\"container\" data-settings=\"{&quot;background_background&quot;:&quot;classic&quot;}\">\n\t\t<div class=\"elementor-element elementor-element-997944e e-con-full e-flex e-con e-child\" data-id=\"997944e\" data-element_type=\"container\" data-e-type=\"container\">\n\t\t\t\t<div class=\"elementor-element elementor-element-ae4a1ed elementor-widget elementor-widget-spacer\" data-id=\"ae4a1ed\" data-element_type=\"widget\" data-e-type=\"widget\" data-widget_type=\"spacer.default\">\n\t\t\t\t<div class=\"elementor-widget-container\">\n\t\t\t\t\t\t\t<div class=\"elementor-spacer\">\n\t\t\t<div class=\"elementor-spacer-inner\"><\/div>\n\t\t<\/div>\n\t\t\t\t\t\t<\/div>\n\t\t\t\t<\/div>\n\t\t\t\t<div class=\"elementor-element elementor-element-3802f26 elementor-widget elementor-widget-text-editor\" data-id=\"3802f26\" data-element_type=\"widget\" data-e-type=\"widget\" data-widget_type=\"text-editor.default\">\n\t\t\t\t<div class=\"elementor-widget-container\">\n\t\t\t\t\t\t\t\t\t<h4><strong>J\u2019accueille l\u2019extraordinaire :<\/strong><\/h4><ul><li>R\u00e9cits d\u2019exp\u00e9riences de TCH Trans Communication Hypnotique<\/li><li>R\u00e9cits d\u2019EMI Exp\u00e9riences de Mort Imminente<\/li><li>R\u00e9cits de TCI Trans Communication Instrumentale<\/li><li>Exp\u00e9rience de conscience \u00e9largie<\/li><li>Exp\u00e9riences sensorielles avec un d\u00e9funt : visuelles, auditives, tactiles ou olfactives.<\/li><li>Exp\u00e9riences \u00e9motionnelles avec un d\u00e9funt : sentiment de proximit\u00e9 affective ou de communication \u00e9motionnelle avec le d\u00e9funt.<\/li><li>R\u00eaves avec un d\u00e9funt<\/li><li>Pr\u00e9monitions<\/li><li>Gu\u00e9risons spontan\u00e9es<\/li><li>Coup de fil de l\u2019au-del\u00e0\u00a0<\/li><\/ul><p>\u00a0<\/p><p>Vous souhaitez \u00e9changer sur ces diff\u00e9rents ph\u00e9nom\u00e8nes extraordinaires, rejoignez ma communaut\u00e9 riche de plus de 10000 membres en int\u00e9grant mon Groupe priv\u00e9 Facebook, <strong>\u00ab \u00c7\u2019\u00c2me parle \u00bb.<\/strong><\/p><h6>Cliquez sur le lien ci-dessous : \u00ab\u00a0Devenir membre \u00bb.<\/h6>\t\t\t\t\t\t\t\t<\/div>\n\t\t\t\t<\/div>\n\t\t\t\t<div class=\"elementor-element elementor-element-4fb37b3 elementor-align-center elementor-widget elementor-widget-button\" data-id=\"4fb37b3\" data-element_type=\"widget\" data-e-type=\"widget\" data-widget_type=\"button.default\">\n\t\t\t\t<div class=\"elementor-widget-container\">\n\t\t\t\t\t\t\t\t\t<div class=\"elementor-button-wrapper\">\n\t\t\t\t\t<a class=\"elementor-button elementor-button-link elementor-size-sm\" href=\"https:\/\/www.facebook.com\/share\/g\/1U61EorYYK\/\">\n\t\t\t\t\t\t<span class=\"elementor-button-content-wrapper\">\n\t\t\t\t\t\t\t\t\t<span class=\"elementor-button-text\">Devenir membre<\/span>\n\t\t\t\t\t<\/span>\n\t\t\t\t\t<\/a>\n\t\t\t\t<\/div>\n\t\t\t\t\t\t\t\t<\/div>\n\t\t\t\t<\/div>\n\t\t\t\t<\/div>\n\t\t<div class=\"elementor-element elementor-element-f71aae2 e-con-full e-flex e-con e-child\" data-id=\"f71aae2\" data-element_type=\"container\" data-e-type=\"container\">\n\t\t\t\t<div class=\"elementor-element elementor-element-19da587 elementor-widget elementor-widget-spacer\" data-id=\"19da587\" data-element_type=\"widget\" data-e-type=\"widget\" data-widget_type=\"spacer.default\">\n\t\t\t\t<div class=\"elementor-widget-container\">\n\t\t\t\t\t\t\t<div class=\"elementor-spacer\">\n\t\t\t<div class=\"elementor-spacer-inner\"><\/div>\n\t\t<\/div>\n\t\t\t\t\t\t<\/div>\n\t\t\t\t<\/div>\n\t\t\t\t<div class=\"elementor-element elementor-element-f88b854 elementor-widget elementor-widget-image\" data-id=\"f88b854\" data-element_type=\"widget\" data-e-type=\"widget\" data-widget_type=\"image.default\">\n\t\t\t\t<div class=\"elementor-widget-container\">\n\t\t\t\t\t\t\t\t\t\t\t\t\t\t\t<img decoding=\"async\" width=\"355\" height=\"215\" src=\"https:\/\/cindynicolas.com\/wp-content\/uploads\/2024\/09\/Image1.png\" class=\"attachment-large size-large wp-image-1332\" alt=\"\" srcset=\"https:\/\/cindynicolas.com\/wp-content\/uploads\/2024\/09\/Image1.png 355w, https:\/\/cindynicolas.com\/wp-content\/uploads\/2024\/09\/Image1-300x182.png 300w\" sizes=\"(max-width: 355px) 100vw, 355px\" \/>\t\t\t\t\t\t\t\t\t\t\t\t\t\t\t<\/div>\n\t\t\t\t<\/div>\n\t\t\t\t<div class=\"elementor-element elementor-element-83d333f elementor-align-center elementor-widget elementor-widget-button\" data-id=\"83d333f\" data-element_type=\"widget\" data-e-type=\"widget\" data-widget_type=\"button.default\">\n\t\t\t\t<div class=\"elementor-widget-container\">\n\t\t\t\t\t\t\t\t\t<div class=\"elementor-button-wrapper\">\n\t\t\t\t\t<a class=\"elementor-button elementor-button-link elementor-size-sm\" href=\"https:\/\/youtu.be\/fBhjtT8Cc2Q?si=-xOoaIKO5wczVCai\">\n\t\t\t\t\t\t<span class=\"elementor-button-content-wrapper\">\n\t\t\t\t\t\t\t\t\t<span class=\"elementor-button-text\">Je regarde la vid\u00e9o<\/span>\n\t\t\t\t\t<\/span>\n\t\t\t\t\t<\/a>\n\t\t\t\t<\/div>\n\t\t\t\t\t\t\t\t<\/div>\n\t\t\t\t<\/div>\n\t\t\t\t<\/div>\n\t\t\t\t<\/div>\n\t\t<div class=\"elementor-element elementor-element-471c352 e-flex e-con-boxed e-con e-parent\" data-id=\"471c352\" data-element_type=\"container\" data-e-type=\"container\" data-settings=\"{&quot;background_background&quot;:&quot;classic&quot;}\">\n\t\t\t\t\t<div class=\"e-con-inner\">\n\t\t<div class=\"elementor-element elementor-element-40fdabb e-con-full e-flex e-con e-child\" data-id=\"40fdabb\" data-element_type=\"container\" data-e-type=\"container\">\n\t\t\t\t<div class=\"elementor-element elementor-element-799b4f7 elementor-widget elementor-widget-image\" data-id=\"799b4f7\" data-element_type=\"widget\" data-e-type=\"widget\" data-widget_type=\"image.default\">\n\t\t\t\t<div class=\"elementor-widget-container\">\n\t\t\t\t\t\t\t\t\t\t\t\t\t\t\t<img decoding=\"async\" width=\"800\" height=\"800\" src=\"https:\/\/cindynicolas.com\/wp-content\/uploads\/2024\/09\/ai-generated-8708320_1280-1024x1024.webp\" class=\"attachment-large size-large wp-image-1071\" alt=\"\" srcset=\"https:\/\/cindynicolas.com\/wp-content\/uploads\/2024\/09\/ai-generated-8708320_1280-1024x1024.webp 1024w, https:\/\/cindynicolas.com\/wp-content\/uploads\/2024\/09\/ai-generated-8708320_1280-300x300.webp 300w, https:\/\/cindynicolas.com\/wp-content\/uploads\/2024\/09\/ai-generated-8708320_1280-100x100.webp 100w, https:\/\/cindynicolas.com\/wp-content\/uploads\/2024\/09\/ai-generated-8708320_1280-600x600.webp 600w, https:\/\/cindynicolas.com\/wp-content\/uploads\/2024\/09\/ai-generated-8708320_1280-150x150.webp 150w, https:\/\/cindynicolas.com\/wp-content\/uploads\/2024\/09\/ai-generated-8708320_1280-768x768.webp 768w, https:\/\/cindynicolas.com\/wp-content\/uploads\/2024\/09\/ai-generated-8708320_1280.webp 1280w\" sizes=\"(max-width: 800px) 100vw, 800px\" \/>\t\t\t\t\t\t\t\t\t\t\t\t\t\t\t<\/div>\n\t\t\t\t<\/div>\n\t\t\t\t<\/div>\n\t\t<div class=\"elementor-element elementor-element-b373f96 e-con-full e-flex e-con e-child\" data-id=\"b373f96\" data-element_type=\"container\" data-e-type=\"container\">\n\t\t\t\t<div class=\"elementor-element elementor-element-4cbd139 elementor-widget elementor-widget-text-editor\" data-id=\"4cbd139\" data-element_type=\"widget\" data-e-type=\"widget\" data-widget_type=\"text-editor.default\">\n\t\t\t\t<div class=\"elementor-widget-container\">\n\t\t\t\t\t\t\t\t\t<p>\u00a0<\/p><p><strong>Tarifs :\u00a0<\/strong><\/p><p><strong>Enfants, adolescents : 45<\/strong><span style=\"\"> Euros<\/span><\/p><p><strong>Adultes :<\/strong><span style=\"\"><strong> 55<\/strong> euros<\/span><\/p><p><strong>Dur\u00e9e :<\/strong> 1h<\/p><p><strong>En pr\u00e9sentiel ou en visio<\/strong><\/p>\t\t\t\t\t\t\t\t<\/div>\n\t\t\t\t<\/div>\n\t\t\t\t<div class=\"elementor-element elementor-element-4dbf596 elementor-align-center elementor-widget elementor-widget-button\" data-id=\"4dbf596\" data-element_type=\"widget\" data-e-type=\"widget\" data-widget_type=\"button.default\">\n\t\t\t\t<div class=\"elementor-widget-container\">\n\t\t\t\t\t\t\t\t\t<div class=\"elementor-button-wrapper\">\n\t\t\t\t\t<a class=\"elementor-button elementor-button-link elementor-size-sm\" href=\"http:\/\/cindy_nicolas@outlook.fr\">\n\t\t\t\t\t\t<span class=\"elementor-button-content-wrapper\">\n\t\t\t\t\t\t\t\t\t<span class=\"elementor-button-text\">ME CONTACTER<\/span>\n\t\t\t\t\t<\/span>\n\t\t\t\t\t<\/a>\n\t\t\t\t<\/div>\n\t\t\t\t\t\t\t\t<\/div>\n\t\t\t\t<\/div>\n\t\t\t\t<\/div>\n\t\t\t\t\t<\/div>\n\t\t\t\t<\/div>\n\t\t<div class=\"elementor-element elementor-element-c9d948b e-flex e-con-boxed e-con e-parent\" data-id=\"c9d948b\" data-element_type=\"container\" data-e-type=\"container\" data-settings=\"{&quot;background_background&quot;:&quot;classic&quot;}\">\n\t\t\t\t\t<div class=\"e-con-inner\">\n\t\t\t\t<div class=\"elementor-element elementor-element-0d6cad5 elementor-widget elementor-widget-spacer\" data-id=\"0d6cad5\" data-element_type=\"widget\" data-e-type=\"widget\" data-widget_type=\"spacer.default\">\n\t\t\t\t<div class=\"elementor-widget-container\">\n\t\t\t\t\t\t\t<div class=\"elementor-spacer\">\n\t\t\t<div class=\"elementor-spacer-inner\"><\/div>\n\t\t<\/div>\n\t\t\t\t\t\t<\/div>\n\t\t\t\t<\/div>\n\t\t\t\t<div class=\"elementor-element elementor-element-9b9c793 elementor-arrows-position-inside elementor-pagination-position-outside elementor-widget elementor-widget-image-carousel\" data-id=\"9b9c793\" data-element_type=\"widget\" data-e-type=\"widget\" data-settings=\"{&quot;navigation&quot;:&quot;both&quot;,&quot;autoplay&quot;:&quot;yes&quot;,&quot;pause_on_hover&quot;:&quot;yes&quot;,&quot;pause_on_interaction&quot;:&quot;yes&quot;,&quot;autoplay_speed&quot;:5000,&quot;infinite&quot;:&quot;yes&quot;,&quot;speed&quot;:500}\" data-widget_type=\"image-carousel.default\">\n\t\t\t\t<div class=\"elementor-widget-container\">\n\t\t\t\t\t\t\t<div class=\"elementor-image-carousel-wrapper swiper\" role=\"region\" aria-roledescription=\"carousel\" aria-label=\"Image Carousel\" dir=\"ltr\">\n\t\t\t<div class=\"elementor-image-carousel swiper-wrapper\" aria-live=\"off\">\n\t\t\t\t\t\t\t\t<div class=\"swiper-slide\" role=\"group\" aria-roledescription=\"slide\" aria-label=\"1 sur 3\"><figure class=\"swiper-slide-inner\"><img decoding=\"async\" class=\"swiper-slide-image\" src=\"https:\/\/cindynicolas.com\/wp-content\/uploads\/2024\/07\/Capture-decran-2024-07-22-143750.png\" alt=\"Capture d\u2019\u00e9cran 2024-07-22 143750\" \/><\/figure><\/div><div class=\"swiper-slide\" role=\"group\" aria-roledescription=\"slide\" aria-label=\"2 sur 3\"><figure class=\"swiper-slide-inner\"><img decoding=\"async\" class=\"swiper-slide-image\" src=\"https:\/\/cindynicolas.com\/wp-content\/uploads\/2024\/07\/Capture-decran-2024-07-22-143829.png\" alt=\"Capture d\u2019\u00e9cran 2024-07-22 143829\" \/><\/figure><\/div><div class=\"swiper-slide\" role=\"group\" aria-roledescription=\"slide\" aria-label=\"3 sur 3\"><figure class=\"swiper-slide-inner\"><img decoding=\"async\" class=\"swiper-slide-image\" src=\"https:\/\/cindynicolas.com\/wp-content\/uploads\/2024\/07\/Capture-decran-2024-07-22-143902.png\" alt=\"Capture d\u2019\u00e9cran 2024-07-22 143902\" \/><\/figure><\/div>\t\t\t<\/div>\n\t\t\t\t\t\t\t\t\t\t\t\t<div class=\"elementor-swiper-button elementor-swiper-button-prev\" role=\"button\" tabindex=\"0\">\n\t\t\t\t\t\t<svg aria-hidden=\"true\" class=\"e-font-icon-svg e-eicon-chevron-left\" viewBox=\"0 0 1000 1000\" xmlns=\"http:\/\/www.w3.org\/2000\/svg\"><path d=\"M646 125C629 125 613 133 604 142L308 442C296 454 292 471 292 487 292 504 296 521 308 533L604 854C617 867 629 875 646 875 663 875 679 871 692 858 704 846 713 829 713 812 713 796 708 779 692 767L438 487 692 225C700 217 708 204 708 187 708 171 704 154 692 142 675 129 663 125 646 125Z\"><\/path><\/svg>\t\t\t\t\t<\/div>\n\t\t\t\t\t<div class=\"elementor-swiper-button elementor-swiper-button-next\" role=\"button\" tabindex=\"0\">\n\t\t\t\t\t\t<svg aria-hidden=\"true\" class=\"e-font-icon-svg e-eicon-chevron-right\" viewBox=\"0 0 1000 1000\" xmlns=\"http:\/\/www.w3.org\/2000\/svg\"><path d=\"M696 533C708 521 713 504 713 487 713 471 708 454 696 446L400 146C388 133 375 125 354 125 338 125 325 129 313 142 300 154 292 171 292 187 292 204 296 221 308 233L563 492 304 771C292 783 288 800 288 817 288 833 296 850 308 863 321 871 338 875 354 875 371 875 388 867 400 854L696 533Z\"><\/path><\/svg>\t\t\t\t\t<\/div>\n\t\t\t\t\n\t\t\t\t\t\t\t\t\t<div class=\"swiper-pagination\"><\/div>\n\t\t\t\t\t\t\t\t\t<\/div>\n\t\t\t\t\t\t<\/div>\n\t\t\t\t<\/div>\n\t\t\t\t<div class=\"elementor-element elementor-element-c932ff8 elementor-widget elementor-widget-spacer\" data-id=\"c932ff8\" data-element_type=\"widget\" data-e-type=\"widget\" data-widget_type=\"spacer.default\">\n\t\t\t\t<div class=\"elementor-widget-container\">\n\t\t\t\t\t\t\t<div class=\"elementor-spacer\">\n\t\t\t<div class=\"elementor-spacer-inner\"><\/div>\n\t\t<\/div>\n\t\t\t\t\t\t<\/div>\n\t\t\t\t<\/div>\n\t\t\t\t\t<\/div>\n\t\t\t\t<\/div>\n\t\t\t\t<\/div>\n\t\t","protected":false},"excerpt":{"rendered":"<p>Accueillir l\u2019extraordinaire Accueillir l\u2019extraordinaire #jaccueillelextraordinaire Des millions de personnes, parfaitement \u00e9quilibr\u00e9es, ont d\u00e9j\u00e0 \u00e9t\u00e9 t\u00e9moins de ph\u00e9nom\u00e8nes extraordinaires. Que faire lorsqu\u2019on se retrouve face \u00e0 l\u2019inexpliqu\u00e9 ? Ceux qui vivent de telles exp\u00e9riences peuvent rapidement se sentir isol\u00e9s, ne sachant vers qui se tourner et accabl\u00e9s par un profond sentiment de confusion. Bien que la [&hellip;]<\/p>\n","protected":false},"author":1,"featured_media":0,"parent":0,"menu_order":0,"comment_status":"closed","ping_status":"closed","template":"","meta":{"footnotes":""},"class_list":["post-106","page","type-page","status-publish","hentry"],"_links":{"self":[{"href":"https:\/\/cindynicolas.com\/wp-json\/wp\/v2\/pages\/106","targetHints":{"allow":["GET"]}}],"collection":[{"href":"https:\/\/cindynicolas.com\/wp-json\/wp\/v2\/pages"}],"about":[{"href":"https:\/\/cindynicolas.com\/wp-json\/wp\/v2\/types\/page"}],"author":[{"embeddable":true,"href":"https:\/\/cindynicolas.com\/wp-json\/wp\/v2\/users\/1"}],"replies":[{"embeddable":true,"href":"https:\/\/cindynicolas.com\/wp-json\/wp\/v2\/comments?post=106"}],"version-history":[{"count":97,"href":"https:\/\/cindynicolas.com\/wp-json\/wp\/v2\/pages\/106\/revisions"}],"predecessor-version":[{"id":2249,"href":"https:\/\/cindynicolas.com\/wp-json\/wp\/v2\/pages\/106\/revisions\/2249"}],"wp:attachment":[{"href":"https:\/\/cindynicolas.com\/wp-json\/wp\/v2\/media?parent=106"}],"curies":[{"name":"wp","href":"https:\/\/api.w.org\/{rel}","templated":true}]}}